{"id":996,"date":"2021-08-01T11:03:08","date_gmt":"2021-08-01T09:03:08","guid":{"rendered":"https:\/\/projects.farkell.com\/bellatrix-touroperator\/?page_id=996"},"modified":"2021-12-19T23:32:25","modified_gmt":"2021-12-19T22:32:25","slug":"contactos","status":"publish","type":"page","link":"https:\/\/touroperator.bellatrixviaggi.com\/?page_id=996&lang=pt-pt","title":{"rendered":"Contactos"},"content":{"rendered":"\t\t<div data-elementor-type=\"wp-page\" data-elementor-id=\"996\" class=\"elementor elementor-996\" data-elementor-settings=\"[]\">\n\t\t\t\t\t\t\t<div class=\"elementor-section-wrap\">\n\t\t\t\t\t\t\t<section class=\"elementor-section elementor-top-section elementor-element elementor-element-88dbf05 elementor-section-boxed elementor-section-height-default elementor-section-height-default\" data-id=\"88dbf05\" data-element_type=\"section\">\n\t\t\t\t\t\t<div class=\"elementor-container elementor-column-gap-default\">\n\t\t\t\t\t<div class=\"elementor-column elementor-col-100 elementor-top-column elementor-element elementor-element-c549e34\" data-id=\"c549e34\" data-element_type=\"column\">\n\t\t\t<div class=\"elementor-widget-wrap elementor-element-populated\">\n\t\t\t\t\t\t\t\t<div class=\"elementor-element elementor-element-b75bbbf elementor-widget elementor-widget-heading\" data-id=\"b75bbbf\" data-element_type=\"widget\" data-widget_type=\"heading.default\">\n\t\t\t\t<div class=\"elementor-widget-container\">\n\t\t\t<h2 class=\"elementor-heading-title elementor-size-default\">Entre em contato conosco - Estamos prontos a lhe atender!<\/h2>\t\t<\/div>\n\t\t\t\t<\/div>\n\t\t\t\t\t<\/div>\n\t\t<\/div>\n\t\t\t\t\t\t\t<\/div>\n\t\t<\/section>\n\t\t\t\t<section class=\"elementor-section elementor-top-section elementor-element elementor-element-b8d6ef9 elementor-section-boxed elementor-section-height-default elementor-section-height-default\" data-id=\"b8d6ef9\" data-element_type=\"section\">\n\t\t\t\t\t\t<div class=\"elementor-container elementor-column-gap-default\">\n\t\t\t\t\t<div class=\"elementor-column elementor-col-100 elementor-top-column elementor-element elementor-element-2aa62c4\" data-id=\"2aa62c4\" data-element_type=\"column\">\n\t\t\t<div class=\"elementor-widget-wrap elementor-element-populated\">\n\t\t\t\t\t\t\t\t<div class=\"elementor-element elementor-element-613b05e elementor-widget elementor-widget-text-editor\" data-id=\"613b05e\" data-element_type=\"widget\" data-widget_type=\"text-editor.default\">\n\t\t\t\t<div class=\"elementor-widget-container\">\n\t\t\t\t\t\t\t\t<p>Estamos localizados na prov\u00edncia de Salerno, na regi\u00e3o da Campania, no sul da It\u00e1lia. Estamos a poucos quil\u00f4metros da Costa Amalfitana e do Parque Nacional do Cilento e do Vallo di Diano, patrimonio da UNESCO.<\/p>\t\t\t\t\t\t<\/div>\n\t\t\t\t<\/div>\n\t\t\t\t\t<\/div>\n\t\t<\/div>\n\t\t\t\t\t\t\t<\/div>\n\t\t<\/section>\n\t\t\t\t<section class=\"elementor-section elementor-top-section elementor-element elementor-element-cd8f17f elementor-section-stretched elementor-section-boxed elementor-section-height-default elementor-section-height-default\" data-id=\"cd8f17f\" data-element_type=\"section\" data-settings=\"{&quot;stretch_section&quot;:&quot;section-stretched&quot;}\">\n\t\t\t\t\t\t<div class=\"elementor-container elementor-column-gap-extended\">\n\t\t\t\t\t<div class=\"elementor-column elementor-col-100 elementor-top-column elementor-element elementor-element-fb7e724\" data-id=\"fb7e724\" data-element_type=\"column\">\n\t\t\t<div class=\"elementor-widget-wrap elementor-element-populated\">\n\t\t\t\t\t\t\t\t<div class=\"elementor-element elementor-element-3354865 elementor-widget elementor-widget-apus_element_features_box\" data-id=\"3354865\" data-element_type=\"widget\" data-widget_type=\"apus_element_features_box.default\">\n\t\t\t\t<div class=\"elementor-widget-container\">\n\t\t\t            <div class=\"widget-features-box   style2\">\n                                    <div class=\"slick-carousel hidden-dots\" data-items=\"3\" data-smallmedium=\"2\" data-extrasmall=\"1\" data-pagination=\"true\" data-nav=\"false\">\n                                                    <div class=\"item\">\n                                <div class=\"item-inner clearfix\">\n                                    <div class=\"top-inner\">\n                                                                                <div class=\"features-box-image icon\"><i class=\"ti-map-alt\"><\/i><\/div><\/div><div class=\"features-box-content\"><h3 class=\"title\">Bellatrix Turismo Receptivo<\/h3><div class=\"description\">Via Francesco Spirito, 25<br>\n84095 Giffoni Valle Piana (SA) \nItaly<\/div><\/div>\n                                <\/div>\n                            <\/div>\n                                                    <div class=\"item\">\n                                <div class=\"item-inner clearfix\">\n                                    <div class=\"top-inner\">\n                                                                                <div class=\"features-box-image icon\"><i class=\"ti-email\"><\/i><\/div><\/div><div class=\"features-box-content\"><h3 class=\"title\">Tour Operator - Mail<\/h3><div class=\"description\"><a href=\"mailto:incoming@bellatrixviaggi.com\">incoming@bellatrixviaggi.com<\/a>\n<a href=\"mailto:info@bellatrixviaggi.com\">info@bellatrixviaggi.com<\/a>\n\n <\/div><\/div>\n                                <\/div>\n                            <\/div>\n                                                    <div class=\"item\">\n                                <div class=\"item-inner clearfix\">\n                                    <div class=\"top-inner\">\n                                                                                <div class=\"features-box-image icon\"><i class=\"ti-headphone-alt\"><\/i><\/div><\/div><div class=\"features-box-content\"><h3 class=\"title\">Tour Operator - Ligue para n\u00f3s<\/h3><div class=\"description\">+39 089 865868<br>\nWhatsapp: +39 366 1718559<\/div><\/div>\n                                <\/div>\n                            <\/div>\n                                            <\/div>\n                            <\/div>\n            \t\t<\/div>\n\t\t\t\t<\/div>\n\t\t\t\t\t<\/div>\n\t\t<\/div>\n\t\t\t\t\t\t\t<\/div>\n\t\t<\/section>\n\t\t\t\t<section class=\"elementor-section elementor-top-section elementor-element elementor-element-132dcb1 elementor-section-stretched elementor-section-content-middle elementor-section-boxed elementor-section-height-default elementor-section-height-default\" data-id=\"132dcb1\" data-element_type=\"section\" data-settings=\"{&quot;stretch_section&quot;:&quot;section-stretched&quot;}\">\n\t\t\t\t\t\t<div class=\"elementor-container elementor-column-gap-extended\">\n\t\t\t\t\t<div class=\"elementor-column elementor-col-50 elementor-top-column elementor-element elementor-element-21724a8 elementor-hidden-tablet elementor-hidden-phone\" data-id=\"21724a8\" data-element_type=\"column\">\n\t\t\t<div class=\"elementor-widget-wrap elementor-element-populated\">\n\t\t\t\t\t\t\t\t<div class=\"elementor-element elementor-element-6ae625b elementor-widget elementor-widget-image\" data-id=\"6ae625b\" data-element_type=\"widget\" data-widget_type=\"image.default\">\n\t\t\t\t<div class=\"elementor-widget-container\">\n\t\t\t\t\t\t\t\t\t\t\t\t\t\t\t<img loading=\"lazy\" decoding=\"async\" width=\"2560\" height=\"2022\" src=\"https:\/\/touroperator.bellatrixviaggi.com\/wp-content\/uploads\/2021\/10\/Contacts-1-scaled.jpg\" class=\"attachment-full size-full\" alt=\"\" srcset=\"https:\/\/touroperator.bellatrixviaggi.com\/wp-content\/uploads\/2021\/10\/Contacts-1-scaled.jpg 2560w, https:\/\/touroperator.bellatrixviaggi.com\/wp-content\/uploads\/2021\/10\/Contacts-1-300x237.jpg 300w, https:\/\/touroperator.bellatrixviaggi.com\/wp-content\/uploads\/2021\/10\/Contacts-1-1024x809.jpg 1024w, https:\/\/touroperator.bellatrixviaggi.com\/wp-content\/uploads\/2021\/10\/Contacts-1-768x607.jpg 768w, https:\/\/touroperator.bellatrixviaggi.com\/wp-content\/uploads\/2021\/10\/Contacts-1-1536x1213.jpg 1536w, https:\/\/touroperator.bellatrixviaggi.com\/wp-content\/uploads\/2021\/10\/Contacts-1-2048x1618.jpg 2048w\" sizes=\"auto, (max-width: 2560px) 100vw, 2560px\" \/>\t\t\t\t\t\t\t\t\t\t\t\t\t\t\t<\/div>\n\t\t\t\t<\/div>\n\t\t\t\t\t<\/div>\n\t\t<\/div>\n\t\t\t\t<div class=\"elementor-column elementor-col-50 elementor-top-column elementor-element elementor-element-8b20ec1\" data-id=\"8b20ec1\" data-element_type=\"column\">\n\t\t\t<div class=\"elementor-widget-wrap elementor-element-populated\">\n\t\t\t\t\t\t\t\t<div class=\"elementor-element elementor-element-0be5900 elementor-widget elementor-widget-text-editor\" data-id=\"0be5900\" data-element_type=\"widget\" data-widget_type=\"text-editor.default\">\n\t\t\t\t<div class=\"elementor-widget-container\">\n\t\t\t\t\t\t\t\t<div role=\"form\" class=\"wpcf7\" id=\"wpcf7-f1003-o1\" lang=\"en-US\" dir=\"ltr\">\n<div class=\"screen-reader-response\"><p role=\"status\" aria-live=\"polite\" aria-atomic=\"true\"><\/p> <ul><\/ul><\/div>\n<form action=\"\/index.php?rest_route=%2Fwp%2Fv2%2Fpages%2F996#wpcf7-f1003-o1\" method=\"post\" class=\"wpcf7-form init\" novalidate=\"novalidate\" data-status=\"init\">\n<div style=\"display: none;\">\n<input type=\"hidden\" name=\"_wpcf7\" value=\"1003\" \/>\n<input type=\"hidden\" name=\"_wpcf7_version\" value=\"5.4.2\" \/>\n<input type=\"hidden\" name=\"_wpcf7_locale\" value=\"en_US\" \/>\n<input type=\"hidden\" name=\"_wpcf7_unit_tag\" value=\"wpcf7-f1003-o1\" \/>\n<input type=\"hidden\" name=\"_wpcf7_container_post\" value=\"0\" \/>\n<input type=\"hidden\" name=\"_wpcf7_posted_data_hash\" value=\"\" \/>\n<\/div>\n<div class=\"contact-us\">\n<div class=\"row\">\n<div class=\"col-xs-12 col-sm-6\"><label>Seu Nome<\/label><span class=\"wpcf7-form-control-wrap your-name\"><input type=\"text\" name=\"your-name\" value=\"\" size=\"40\" class=\"wpcf7-form-control wpcf7-text wpcf7-validates-as-required form-control\" aria-required=\"true\" aria-invalid=\"false\" placeholder=\"Nome\" \/><\/span><\/div>\n<div class=\"col-xs-12 col-sm-6\"><label>Seu Email<\/label><span class=\"wpcf7-form-control-wrap your-email\"><input type=\"email\" name=\"your-email\" value=\"\" size=\"40\" class=\"wpcf7-form-control wpcf7-text wpcf7-email wpcf7-validates-as-required wpcf7-validates-as-email form-control\" aria-required=\"true\" aria-invalid=\"false\" placeholder=\"Email\" \/><\/span><\/div>\n<\/div>\n<div class=\"row\">\n<div class=\"col-xs-12\"><label>Sujeito<\/label><span class=\"wpcf7-form-control-wrap your-subject\"><input type=\"text\" name=\"your-subject\" value=\"\" size=\"40\" class=\"wpcf7-form-control wpcf7-text form-control\" aria-invalid=\"false\" placeholder=\"Sujeito\" \/><\/span><\/div>\n<div class=\"col-xs-12\"><label>Suas mensagens<\/label><span class=\"wpcf7-form-control-wrap your-message\"><textarea name=\"your-message\" cols=\"40\" rows=\"10\" class=\"wpcf7-form-control wpcf7-textarea form-control\" aria-invalid=\"false\" placeholder=\"Mensagens...\"><\/textarea><\/span><\/div>\n<\/div>\n<p><input type=\"submit\" value=\"Enviar mensagens\" class=\"wpcf7-form-control wpcf7-submit btn btn-theme btn-inverse border-2\" \/><\/p><\/div>\n<p><span class=\"wpcf7-form-control-wrap acceptance-399\"><span class=\"wpcf7-form-control wpcf7-acceptance\"><span class=\"wpcf7-list-item\"><label><input type=\"checkbox\" name=\"acceptance-399\" value=\"1\" aria-invalid=\"false\" \/><span class=\"wpcf7-list-item-label\">Eu li e aceito o <a href=\"https:\/\/touroperator.bellatrixviaggi.com\/pt-pt\/politica-de-privacidade\" target=\"_blank\">Pol\u00edtica de Privacidade<\/a><\/span><\/label><\/span><\/span><\/span><\/p>\n<div class=\"wpcf7-response-output\" aria-hidden=\"true\"><\/div><\/form><\/div>\t\t\t\t\t\t<\/div>\n\t\t\t\t<\/div>\n\t\t\t\t\t<\/div>\n\t\t<\/div>\n\t\t\t\t\t\t\t<\/div>\n\t\t<\/section>\n\t\t\t\t\t\t<\/div>\n\t\t\t\t\t<\/div>\n\t\t","protected":false},"excerpt":{"rendered":"<p>Entre em contato conosco &#8211; Estamos prontos a lhe atender! Estamos localizados na prov\u00edncia de Salerno, na regi\u00e3o da Campania, no sul da It\u00e1lia. Estamos a poucos quil\u00f4metros da Costa Amalfitana e do Parque Nacional do Cilento e do Vallo di Diano, patrimonio da UNESCO. Bellatrix Turismo Receptivo Via Francesco Spirito, 25 84095 Giffoni Valle &hellip; <br \/><a href=\"https:\/\/touroperator.bellatrixviaggi.com\/?page_id=996&#038;lang=pt-pt\" class=\"more-link\">Continue reading <span class=\"screen-reader-text\">Contactos<\/span><\/a><\/p>\n","protected":false},"author":1,"featured_media":0,"parent":0,"menu_order":0,"comment_status":"closed","ping_status":"closed","template":"","meta":{"footnotes":""},"class_list":["post-996","page","type-page","status-publish","hentry"],"_links":{"self":[{"href":"https:\/\/touroperator.bellatrixviaggi.com\/index.php?rest_route=\/wp\/v2\/pages\/996","targetHints":{"allow":["GET"]}}],"collection":[{"href":"https:\/\/touroperator.bellatrixviaggi.com\/index.php?rest_route=\/wp\/v2\/pages"}],"about":[{"href":"https:\/\/touroperator.bellatrixviaggi.com\/index.php?rest_route=\/wp\/v2\/types\/page"}],"author":[{"embeddable":true,"href":"https:\/\/touroperator.bellatrixviaggi.com\/index.php?rest_route=\/wp\/v2\/users\/1"}],"replies":[{"embeddable":true,"href":"https:\/\/touroperator.bellatrixviaggi.com\/index.php?rest_route=%2Fwp%2Fv2%2Fcomments&post=996"}],"version-history":[{"count":19,"href":"https:\/\/touroperator.bellatrixviaggi.com\/index.php?rest_route=\/wp\/v2\/pages\/996\/revisions"}],"predecessor-version":[{"id":2742,"href":"https:\/\/touroperator.bellatrixviaggi.com\/index.php?rest_route=\/wp\/v2\/pages\/996\/revisions\/2742"}],"wp:attachment":[{"href":"https:\/\/touroperator.bellatrixviaggi.com\/index.php?rest_route=%2Fwp%2Fv2%2Fmedia&parent=996"}],"curies":[{"name":"wp","href":"https:\/\/api.w.org\/{rel}","templated":true}]}}