{"id":984,"date":"2021-08-01T10:30:40","date_gmt":"2021-08-01T08:30:40","guid":{"rendered":"https:\/\/projects.farkell.com\/bellatrix-touroperator\/?page_id=984"},"modified":"2021-10-18T11:56:56","modified_gmt":"2021-10-18T09:56:56","slug":"perfil-de-empresa","status":"publish","type":"page","link":"https:\/\/touroperator.bellatrixviaggi.com\/?page_id=984&lang=pt-pt","title":{"rendered":"Perfil De Empresa"},"content":{"rendered":"\t\t<div data-elementor-type=\"wp-page\" data-elementor-id=\"984\" class=\"elementor elementor-984\" data-elementor-settings=\"[]\">\n\t\t\t\t\t\t\t<div class=\"elementor-section-wrap\">\n\t\t\t\t\t\t\t<section class=\"elementor-section elementor-top-section elementor-element elementor-element-a423c6a elementor-section-stretched elementor-section-boxed elementor-section-height-default elementor-section-height-default\" data-id=\"a423c6a\" data-element_type=\"section\" data-settings=\"{&quot;stretch_section&quot;:&quot;section-stretched&quot;}\">\n\t\t\t\t\t\t<div class=\"elementor-container elementor-column-gap-extended\">\n\t\t\t\t\t<div class=\"elementor-column elementor-col-50 elementor-top-column elementor-element elementor-element-f6ceee9\" data-id=\"f6ceee9\" data-element_type=\"column\">\n\t\t\t<div class=\"elementor-widget-wrap elementor-element-populated\">\n\t\t\t\t\t\t\t\t<div class=\"elementor-element elementor-element-8aa4deb elementor-widget elementor-widget-image\" data-id=\"8aa4deb\" data-element_type=\"widget\" data-widget_type=\"image.default\">\n\t\t\t\t<div class=\"elementor-widget-container\">\n\t\t\t\t\t\t\t\t\t\t\t\t\t\t\t<img loading=\"lazy\" decoding=\"async\" width=\"660\" height=\"555\" src=\"https:\/\/touroperator.bellatrixviaggi.com\/wp-content\/uploads\/2021\/07\/Luca-Di-Feo-1024x861.jpeg\" class=\"attachment-large size-large\" alt=\"\" srcset=\"https:\/\/touroperator.bellatrixviaggi.com\/wp-content\/uploads\/2021\/07\/Luca-Di-Feo-1024x861.jpeg 1024w, https:\/\/touroperator.bellatrixviaggi.com\/wp-content\/uploads\/2021\/07\/Luca-Di-Feo-300x252.jpeg 300w, https:\/\/touroperator.bellatrixviaggi.com\/wp-content\/uploads\/2021\/07\/Luca-Di-Feo-768x646.jpeg 768w, https:\/\/touroperator.bellatrixviaggi.com\/wp-content\/uploads\/2021\/07\/Luca-Di-Feo.jpeg 1458w\" sizes=\"auto, (max-width: 660px) 100vw, 660px\" \/>\t\t\t\t\t\t\t\t\t\t\t\t\t\t\t<\/div>\n\t\t\t\t<\/div>\n\t\t\t\t\t<\/div>\n\t\t<\/div>\n\t\t\t\t<div class=\"elementor-column elementor-col-50 elementor-top-column elementor-element elementor-element-5885b0b\" data-id=\"5885b0b\" data-element_type=\"column\">\n\t\t\t<div class=\"elementor-widget-wrap elementor-element-populated\">\n\t\t\t\t\t\t\t\t<div class=\"elementor-element elementor-element-6988eb5 elementor-widget elementor-widget-heading\" data-id=\"6988eb5\" data-element_type=\"widget\" data-widget_type=\"heading.default\">\n\t\t\t\t<div class=\"elementor-widget-container\">\n\t\t\t<div class=\"elementor-heading-title elementor-size-default\">Nossa Empresa<\/div>\t\t<\/div>\n\t\t\t\t<\/div>\n\t\t\t\t<div class=\"elementor-element elementor-element-1ba4e8e elementor-widget elementor-widget-heading\" data-id=\"1ba4e8e\" data-element_type=\"widget\" data-widget_type=\"heading.default\">\n\t\t\t\t<div class=\"elementor-widget-container\">\n\t\t\t<h2 class=\"elementor-heading-title elementor-size-default\">Historia<\/h2>\t\t<\/div>\n\t\t\t\t<\/div>\n\t\t\t\t<div class=\"elementor-element elementor-element-5c0cfac elementor-widget elementor-widget-text-editor\" data-id=\"5c0cfac\" data-element_type=\"widget\" data-widget_type=\"text-editor.default\">\n\t\t\t\t<div class=\"elementor-widget-container\">\n\t\t\t\t\t\t\t\t<p>O fundador , propriet\u00e1rio e diretor t\u00e9cnico \u00e9 Luca Di Feo, que seguiu a profiss\u00e3o do seu pai Alfredo (funcion\u00e1rio da Entidade do turismo de Salerno por cerca de 40 anos ). Luca tem uma vasta experi\u00eancia no setor do turismo, adquirida trabalhando para v\u00e1rios operadores tur\u00edsticos e companhias a\u00e9reas nacionais e internacionais desde 1997. Bellatrix Viaggi &amp; Tour Operator conta com uma equipe de profissionais altamente qualificados no segmento de turismo receptivo. Bellatrix \u00e9 uma estrela da constela\u00e7\u00e3o de Orion; o nome, com o seu grande apelo est\u00e9tico, \u00e9 para a empresa a \u00faltima barreira na viagem\u2026 os interplanet\u00e1rios.<\/p>\t\t\t\t\t\t<\/div>\n\t\t\t\t<\/div>\n\t\t\t\t\t<\/div>\n\t\t<\/div>\n\t\t\t\t\t\t\t<\/div>\n\t\t<\/section>\n\t\t\t\t<section class=\"elementor-section elementor-top-section elementor-element elementor-element-1635e0d elementor-section-stretched elementor-section-boxed elementor-section-height-default elementor-section-height-default\" data-id=\"1635e0d\" data-element_type=\"section\" data-settings=\"{&quot;stretch_section&quot;:&quot;section-stretched&quot;}\">\n\t\t\t\t\t\t<div class=\"elementor-container elementor-column-gap-extended\">\n\t\t\t\t\t<div class=\"elementor-column elementor-col-50 elementor-top-column elementor-element elementor-element-5537381\" data-id=\"5537381\" data-element_type=\"column\">\n\t\t\t<div class=\"elementor-widget-wrap elementor-element-populated\">\n\t\t\t\t\t\t\t\t<div class=\"elementor-element elementor-element-d6ebb69 elementor-widget elementor-widget-heading\" data-id=\"d6ebb69\" data-element_type=\"widget\" data-widget_type=\"heading.default\">\n\t\t\t\t<div class=\"elementor-widget-container\">\n\t\t\t<div class=\"elementor-heading-title elementor-size-default\">Nossa Empresa<\/div>\t\t<\/div>\n\t\t\t\t<\/div>\n\t\t\t\t<div class=\"elementor-element elementor-element-5da009b elementor-widget elementor-widget-heading\" data-id=\"5da009b\" data-element_type=\"widget\" data-widget_type=\"heading.default\">\n\t\t\t\t<div class=\"elementor-widget-container\">\n\t\t\t<h2 class=\"elementor-heading-title elementor-size-default\">Operadora e Receptivo<\/h2>\t\t<\/div>\n\t\t\t\t<\/div>\n\t\t\t\t<div class=\"elementor-element elementor-element-5d65dba elementor-widget elementor-widget-text-editor\" data-id=\"5d65dba\" data-element_type=\"widget\" data-widget_type=\"text-editor.default\">\n\t\t\t\t<div class=\"elementor-widget-container\">\n\t\t\t\t\t\t\t\t<p>Profissionalismo, confiabilidade, honestidade e compet\u00eancia se tornaram o lema e os princ\u00edpios b\u00e1sicos da empresa , levando a Bellatrix Viaggi &amp; Tour Operator a receber importantes e in\u00fameros elogios. A empresa se tornou representante na It\u00e1lia de prestigiosas funda\u00e7\u00f5es \u00cdtalo-Americanas, para as quais organiza, h\u00e1 mais de 20 anos, excurs\u00f5es em grupo ou individuais em todo o territ\u00f3rio italiano. A Bellatrix tamb\u00e9m \u00e8 parceiro oficial da Giffoni Experience (www.giffonifilmfestival.it) com quem trabalha anualmente como fornecedor exclusivo dos maiores talentos internacionais, entre os quais: Orlando Bloom, Mark Raffalo, Martin Freeman, Nicolas Cage e muitos outros. Escolher Bellatrix Viaggi &amp; Tour Operator significa preferir uma empresa jovem, mas com compet\u00eancia e experi\u00eancia comprovada. NOSSA MISS\u00c3O: realiza\u00e7\u00e3o dos sonhos de nossos clientes!<\/p>\t\t\t\t\t\t<\/div>\n\t\t\t\t<\/div>\n\t\t\t\t\t<\/div>\n\t\t<\/div>\n\t\t\t\t<div class=\"elementor-column elementor-col-50 elementor-top-column elementor-element elementor-element-917f319\" data-id=\"917f319\" data-element_type=\"column\">\n\t\t\t<div class=\"elementor-widget-wrap elementor-element-populated\">\n\t\t\t\t\t\t\t\t<div class=\"elementor-element elementor-element-ce93009 elementor-widget elementor-widget-image\" data-id=\"ce93009\" data-element_type=\"widget\" data-widget_type=\"image.default\">\n\t\t\t\t<div class=\"elementor-widget-container\">\n\t\t\t\t\t\t\t\t\t\t\t\t\t\t\t<img loading=\"lazy\" decoding=\"async\" width=\"660\" height=\"416\" src=\"https:\/\/touroperator.bellatrixviaggi.com\/wp-content\/uploads\/2021\/10\/Chi-siamo_mission-1-1024x645.jpg\" class=\"attachment-large size-large\" alt=\"\" srcset=\"https:\/\/touroperator.bellatrixviaggi.com\/wp-content\/uploads\/2021\/10\/Chi-siamo_mission-1-1024x645.jpg 1024w, https:\/\/touroperator.bellatrixviaggi.com\/wp-content\/uploads\/2021\/10\/Chi-siamo_mission-1-300x189.jpg 300w, https:\/\/touroperator.bellatrixviaggi.com\/wp-content\/uploads\/2021\/10\/Chi-siamo_mission-1-768x484.jpg 768w, https:\/\/touroperator.bellatrixviaggi.com\/wp-content\/uploads\/2021\/10\/Chi-siamo_mission-1-1536x968.jpg 1536w, https:\/\/touroperator.bellatrixviaggi.com\/wp-content\/uploads\/2021\/10\/Chi-siamo_mission-1.jpg 1920w\" sizes=\"auto, (max-width: 660px) 100vw, 660px\" \/>\t\t\t\t\t\t\t\t\t\t\t\t\t\t\t<\/div>\n\t\t\t\t<\/div>\n\t\t\t\t\t<\/div>\n\t\t<\/div>\n\t\t\t\t\t\t\t<\/div>\n\t\t<\/section>\n\t\t\t\t<section class=\"elementor-section elementor-top-section elementor-element elementor-element-31323c1 elementor-section-stretched elementor-section-boxed elementor-section-height-default elementor-section-height-default\" data-id=\"31323c1\" data-element_type=\"section\" data-settings=\"{&quot;stretch_section&quot;:&quot;section-stretched&quot;}\">\n\t\t\t\t\t\t<div class=\"elementor-container elementor-column-gap-extended\">\n\t\t\t\t\t<div class=\"elementor-column elementor-col-50 elementor-top-column elementor-element elementor-element-a389b15\" data-id=\"a389b15\" data-element_type=\"column\">\n\t\t\t<div class=\"elementor-widget-wrap elementor-element-populated\">\n\t\t\t\t\t\t\t\t<div class=\"elementor-element elementor-element-63c3045 elementor-widget elementor-widget-image\" data-id=\"63c3045\" data-element_type=\"widget\" data-widget_type=\"image.default\">\n\t\t\t\t<div class=\"elementor-widget-container\">\n\t\t\t\t\t\t\t\t\t\t\t\t\t\t\t<img loading=\"lazy\" decoding=\"async\" width=\"660\" height=\"990\" src=\"https:\/\/touroperator.bellatrixviaggi.com\/wp-content\/uploads\/2021\/10\/Chi-siamo_esperienza-nel-settore-1-683x1024.jpg\" class=\"attachment-large size-large\" alt=\"\" srcset=\"https:\/\/touroperator.bellatrixviaggi.com\/wp-content\/uploads\/2021\/10\/Chi-siamo_esperienza-nel-settore-1-683x1024.jpg 683w, https:\/\/touroperator.bellatrixviaggi.com\/wp-content\/uploads\/2021\/10\/Chi-siamo_esperienza-nel-settore-1-200x300.jpg 200w, https:\/\/touroperator.bellatrixviaggi.com\/wp-content\/uploads\/2021\/10\/Chi-siamo_esperienza-nel-settore-1-768x1152.jpg 768w, https:\/\/touroperator.bellatrixviaggi.com\/wp-content\/uploads\/2021\/10\/Chi-siamo_esperienza-nel-settore-1-1024x1536.jpg 1024w, https:\/\/touroperator.bellatrixviaggi.com\/wp-content\/uploads\/2021\/10\/Chi-siamo_esperienza-nel-settore-1-1365x2048.jpg 1365w, https:\/\/touroperator.bellatrixviaggi.com\/wp-content\/uploads\/2021\/10\/Chi-siamo_esperienza-nel-settore-1-scaled.jpg 1707w\" sizes=\"auto, (max-width: 660px) 100vw, 660px\" \/>\t\t\t\t\t\t\t\t\t\t\t\t\t\t\t<\/div>\n\t\t\t\t<\/div>\n\t\t\t\t\t<\/div>\n\t\t<\/div>\n\t\t\t\t<div class=\"elementor-column elementor-col-50 elementor-top-column elementor-element elementor-element-5040db9\" data-id=\"5040db9\" data-element_type=\"column\">\n\t\t\t<div class=\"elementor-widget-wrap elementor-element-populated\">\n\t\t\t\t\t\t\t\t<div class=\"elementor-element elementor-element-dd57177 elementor-widget elementor-widget-heading\" data-id=\"dd57177\" data-element_type=\"widget\" data-widget_type=\"heading.default\">\n\t\t\t\t<div class=\"elementor-widget-container\">\n\t\t\t<div class=\"elementor-heading-title elementor-size-default\">Nossa Empresa<\/div>\t\t<\/div>\n\t\t\t\t<\/div>\n\t\t\t\t<div class=\"elementor-element elementor-element-e15f8ed elementor-widget elementor-widget-heading\" data-id=\"e15f8ed\" data-element_type=\"widget\" data-widget_type=\"heading.default\">\n\t\t\t\t<div class=\"elementor-widget-container\">\n\t\t\t<h2 class=\"elementor-heading-title elementor-size-default\">Os Nossos Servi\u00e7os<\/h2>\t\t<\/div>\n\t\t\t\t<\/div>\n\t\t\t\t<div class=\"elementor-element elementor-element-ee5c55a elementor-widget elementor-widget-text-editor\" data-id=\"ee5c55a\" data-element_type=\"widget\" data-widget_type=\"text-editor.default\">\n\t\t\t\t<div class=\"elementor-widget-container\">\n\t\t\t\t\t\t\t\t<p>A \u201cBellatrix Viaggi &amp; Tour Operator\u201d , operadora de turismo no setor receptivo na Italia \u00e9 especializada na cria\u00e7\u00e3o e realiza\u00e7\u00e3o de roteiros culturais, peregrina\u00e7\u00f5es e roteiros gastron\u00f4micos sob medida, al\u00e9m de reuni\u00f5es, campanhas de incentivo, confer\u00eancias e eventos. Nossa ag\u00eancia de viagens oferece aos clientes os seguintes servi\u00e7os: reservas de hotel, pacotes de viagem, bilhete a\u00e9reo, mar\u00edtimo, ferrovi\u00e1rio e terrestre, lua de mel, cruzeiros, aluguel de carros e outros servi\u00e7os.<\/p>\t\t\t\t\t\t<\/div>\n\t\t\t\t<\/div>\n\t\t\t\t\t<\/div>\n\t\t<\/div>\n\t\t\t\t\t\t\t<\/div>\n\t\t<\/section>\n\t\t\t\t<section class=\"elementor-section elementor-top-section elementor-element elementor-element-69cdef0 elementor-section-stretched elementor-section-boxed elementor-section-height-default elementor-section-height-default\" data-id=\"69cdef0\" data-element_type=\"section\" data-settings=\"{&quot;stretch_section&quot;:&quot;section-stretched&quot;}\">\n\t\t\t\t\t\t<div class=\"elementor-container elementor-column-gap-extended\">\n\t\t\t\t\t<div class=\"elementor-column elementor-col-100 elementor-top-column elementor-element elementor-element-38da9f2\" data-id=\"38da9f2\" data-element_type=\"column\">\n\t\t\t<div class=\"elementor-widget-wrap\">\n\t\t\t\t\t\t\t\t\t<\/div>\n\t\t<\/div>\n\t\t\t\t\t\t\t<\/div>\n\t\t<\/section>\n\t\t\t\t\t\t<\/div>\n\t\t\t\t\t<\/div>\n\t\t","protected":false},"excerpt":{"rendered":"<p>Nossa Empresa Historia O fundador , propriet\u00e1rio e diretor t\u00e9cnico \u00e9 Luca Di Feo, que seguiu a profiss\u00e3o do seu pai Alfredo (funcion\u00e1rio da Entidade do turismo de Salerno por cerca de 40 anos ). Luca tem uma vasta experi\u00eancia no setor do turismo, adquirida trabalhando para v\u00e1rios operadores tur\u00edsticos e companhias a\u00e9reas nacionais e &hellip; <br \/><a href=\"https:\/\/touroperator.bellatrixviaggi.com\/?page_id=984&#038;lang=pt-pt\" class=\"more-link\">Continue reading <span class=\"screen-reader-text\">Perfil De Empresa<\/span><\/a><\/p>\n","protected":false},"author":1,"featured_media":0,"parent":0,"menu_order":0,"comment_status":"closed","ping_status":"closed","template":"","meta":{"footnotes":""},"class_list":["post-984","page","type-page","status-publish","hentry"],"_links":{"self":[{"href":"https:\/\/touroperator.bellatrixviaggi.com\/index.php?rest_route=\/wp\/v2\/pages\/984","targetHints":{"allow":["GET"]}}],"collection":[{"href":"https:\/\/touroperator.bellatrixviaggi.com\/index.php?rest_route=\/wp\/v2\/pages"}],"about":[{"href":"https:\/\/touroperator.bellatrixviaggi.com\/index.php?rest_route=\/wp\/v2\/types\/page"}],"author":[{"embeddable":true,"href":"https:\/\/touroperator.bellatrixviaggi.com\/index.php?rest_route=\/wp\/v2\/users\/1"}],"replies":[{"embeddable":true,"href":"https:\/\/touroperator.bellatrixviaggi.com\/index.php?rest_route=%2Fwp%2Fv2%2Fcomments&post=984"}],"version-history":[{"count":10,"href":"https:\/\/touroperator.bellatrixviaggi.com\/index.php?rest_route=\/wp\/v2\/pages\/984\/revisions"}],"predecessor-version":[{"id":1734,"href":"https:\/\/touroperator.bellatrixviaggi.com\/index.php?rest_route=\/wp\/v2\/pages\/984\/revisions\/1734"}],"wp:attachment":[{"href":"https:\/\/touroperator.bellatrixviaggi.com\/index.php?rest_route=%2Fwp%2Fv2%2Fmedia&parent=984"}],"curies":[{"name":"wp","href":"https:\/\/api.w.org\/{rel}","templated":true}]}}