{"id":969,"date":"2021-07-31T12:20:03","date_gmt":"2021-07-31T10:20:03","guid":{"rendered":"https:\/\/projects.farkell.com\/bellatrix-touroperator\/?page_id=969"},"modified":"2021-12-09T17:45:46","modified_gmt":"2021-12-09T16:45:46","slug":"perfil-de-impresa","status":"publish","type":"page","link":"https:\/\/touroperator.bellatrixviaggi.com\/?page_id=969","title":{"rendered":"Perfil de impresa"},"content":{"rendered":"\t\t<div data-elementor-type=\"wp-page\" data-elementor-id=\"969\" class=\"elementor elementor-969\" data-elementor-settings=\"[]\">\n\t\t\t\t\t\t\t<div class=\"elementor-section-wrap\">\n\t\t\t\t\t\t\t<section class=\"elementor-section elementor-top-section elementor-element elementor-element-a423c6a elementor-section-stretched elementor-section-boxed elementor-section-height-default elementor-section-height-default\" data-id=\"a423c6a\" data-element_type=\"section\" data-settings=\"{&quot;stretch_section&quot;:&quot;section-stretched&quot;}\">\n\t\t\t\t\t\t<div class=\"elementor-container elementor-column-gap-extended\">\n\t\t\t\t\t<div class=\"elementor-column elementor-col-50 elementor-top-column elementor-element elementor-element-f6ceee9\" data-id=\"f6ceee9\" data-element_type=\"column\">\n\t\t\t<div class=\"elementor-widget-wrap elementor-element-populated\">\n\t\t\t\t\t\t\t\t<div class=\"elementor-element elementor-element-8aa4deb elementor-widget elementor-widget-image\" data-id=\"8aa4deb\" data-element_type=\"widget\" data-widget_type=\"image.default\">\n\t\t\t\t<div class=\"elementor-widget-container\">\n\t\t\t\t\t\t\t\t\t\t\t\t\t\t\t<img loading=\"lazy\" decoding=\"async\" width=\"660\" height=\"729\" src=\"https:\/\/touroperator.bellatrixviaggi.com\/wp-content\/uploads\/2021\/12\/luca-agenzia-viaggi-bellatrix-927x1024.jpeg\" class=\"attachment-large size-large\" alt=\"\" srcset=\"https:\/\/touroperator.bellatrixviaggi.com\/wp-content\/uploads\/2021\/12\/luca-agenzia-viaggi-bellatrix-927x1024.jpeg 927w, https:\/\/touroperator.bellatrixviaggi.com\/wp-content\/uploads\/2021\/12\/luca-agenzia-viaggi-bellatrix-272x300.jpeg 272w, https:\/\/touroperator.bellatrixviaggi.com\/wp-content\/uploads\/2021\/12\/luca-agenzia-viaggi-bellatrix-768x849.jpeg 768w, https:\/\/touroperator.bellatrixviaggi.com\/wp-content\/uploads\/2021\/12\/luca-agenzia-viaggi-bellatrix-1390x1536.jpeg 1390w, https:\/\/touroperator.bellatrixviaggi.com\/wp-content\/uploads\/2021\/12\/luca-agenzia-viaggi-bellatrix.jpeg 1448w\" sizes=\"auto, (max-width: 660px) 100vw, 660px\" \/>\t\t\t\t\t\t\t\t\t\t\t\t\t\t\t<\/div>\n\t\t\t\t<\/div>\n\t\t\t\t\t<\/div>\n\t\t<\/div>\n\t\t\t\t<div class=\"elementor-column elementor-col-50 elementor-top-column elementor-element elementor-element-5885b0b\" data-id=\"5885b0b\" data-element_type=\"column\">\n\t\t\t<div class=\"elementor-widget-wrap elementor-element-populated\">\n\t\t\t\t\t\t\t\t<div class=\"elementor-element elementor-element-6988eb5 elementor-widget elementor-widget-heading\" data-id=\"6988eb5\" data-element_type=\"widget\" data-widget_type=\"heading.default\">\n\t\t\t\t<div class=\"elementor-widget-container\">\n\t\t\t<div class=\"elementor-heading-title elementor-size-default\">Nossa empresa<\/div>\t\t<\/div>\n\t\t\t\t<\/div>\n\t\t\t\t<div class=\"elementor-element elementor-element-1ba4e8e elementor-widget elementor-widget-heading\" data-id=\"1ba4e8e\" data-element_type=\"widget\" data-widget_type=\"heading.default\">\n\t\t\t\t<div class=\"elementor-widget-container\">\n\t\t\t<h2 class=\"elementor-heading-title elementor-size-default\">Historia<\/h2>\t\t<\/div>\n\t\t\t\t<\/div>\n\t\t\t\t<div class=\"elementor-element elementor-element-5c0cfac elementor-widget elementor-widget-text-editor\" data-id=\"5c0cfac\" data-element_type=\"widget\" data-widget_type=\"text-editor.default\">\n\t\t\t\t<div class=\"elementor-widget-container\">\n\t\t\t\t\t\t\t\t<p>O fundador , propriet\u00e1rio e diretor t\u00e9cnico \u00e9 Luca Di Feo, que seguiu a profiss\u00e3o do seu pai Alfredo (funcion\u00e1rio da Entidade do turismo de Salerno por cerca de 40 anos ). Luca tem uma vasta experi\u00eancia no setor do turismo, adquirida trabalhando para v\u00e1rios operadores tur\u00edsticos e companhias a\u00e9reas nacionais e internacionais desde 1997. Bellatrix Viaggi &amp; Tour Operator conta com uma equipe de profissionais altamente qualificados no segmento de turismo receptivo. Bellatrix \u00e9 uma estrela da constela\u00e7\u00e3o de Orion; o nome, com o seu grande apelo est\u00e9tico, \u00e9 para a empresa a \u00faltima barreira na viagem\u2026 os interplanet\u00e1rios.<\/p>\t\t\t\t\t\t<\/div>\n\t\t\t\t<\/div>\n\t\t\t\t\t<\/div>\n\t\t<\/div>\n\t\t\t\t\t\t\t<\/div>\n\t\t<\/section>\n\t\t\t\t<section class=\"elementor-section elementor-top-section elementor-element elementor-element-1635e0d elementor-section-stretched elementor-section-boxed elementor-section-height-default elementor-section-height-default\" data-id=\"1635e0d\" data-element_type=\"section\" data-settings=\"{&quot;stretch_section&quot;:&quot;section-stretched&quot;}\">\n\t\t\t\t\t\t<div class=\"elementor-container elementor-column-gap-extended\">\n\t\t\t\t\t<div class=\"elementor-column elementor-col-50 elementor-top-column elementor-element elementor-element-5537381\" data-id=\"5537381\" data-element_type=\"column\">\n\t\t\t<div class=\"elementor-widget-wrap elementor-element-populated\">\n\t\t\t\t\t\t\t\t<div class=\"elementor-element elementor-element-d6ebb69 elementor-widget elementor-widget-heading\" data-id=\"d6ebb69\" data-element_type=\"widget\" data-widget_type=\"heading.default\">\n\t\t\t\t<div class=\"elementor-widget-container\">\n\t\t\t<div class=\"elementor-heading-title elementor-size-default\">Nossa empresa<\/div>\t\t<\/div>\n\t\t\t\t<\/div>\n\t\t\t\t<div class=\"elementor-element elementor-element-5da009b elementor-widget elementor-widget-heading\" data-id=\"5da009b\" data-element_type=\"widget\" data-widget_type=\"heading.default\">\n\t\t\t\t<div class=\"elementor-widget-container\">\n\t\t\t<h2 class=\"elementor-heading-title elementor-size-default\">OPERADORA E RECEPTIVO<\/h2>\t\t<\/div>\n\t\t\t\t<\/div>\n\t\t\t\t<div class=\"elementor-element elementor-element-5d65dba elementor-widget elementor-widget-text-editor\" data-id=\"5d65dba\" data-element_type=\"widget\" data-widget_type=\"text-editor.default\">\n\t\t\t\t<div class=\"elementor-widget-container\">\n\t\t\t\t\t\t\t\t<p>Profissionalismo, confiabilidade, honestidade e compet\u00eancia se tornaram o lema e os princ\u00edpios b\u00e1sicos da empresa , levando a Bellatrix Viaggi &amp; Tour Operator a receber importantes e in\u00fameros elogios. A empresa se tornou representante na It\u00e1lia de prestigiosas funda\u00e7\u00f5es \u00cdtalo-Americanas, para as quais organiza, h\u00e1 mais de 15 anos, excurs\u00f5es em grupo ou individuais em todo o territ\u00f3rio italiano. A Bellatrix tamb\u00e9m \u00e8 parceiro oficial da Giffoni Experience (www.giffonifilmfestival.it) com quem trabalha anualmente como fornecedor exclusivo dos maiores talentos internacionais, entre os quais: Orlando Bloom, Mark Raffalo, Martin Freeman, Nicolas Cage e muitos outros. Escolher Bellatrix Viaggi &amp; Tour Operator significa preferir uma empresa jovem, mas com compet\u00eancia e experi\u00eancia comprovada. NOSSA MISS\u00c3O: realiza\u00e7\u00e3o dos sonhos de nossos clientes!<\/p>\t\t\t\t\t\t<\/div>\n\t\t\t\t<\/div>\n\t\t\t\t\t<\/div>\n\t\t<\/div>\n\t\t\t\t<div class=\"elementor-column elementor-col-50 elementor-top-column elementor-element elementor-element-917f319\" data-id=\"917f319\" data-element_type=\"column\">\n\t\t\t<div class=\"elementor-widget-wrap elementor-element-populated\">\n\t\t\t\t\t\t\t\t<div class=\"elementor-element elementor-element-ce93009 elementor-widget elementor-widget-image\" data-id=\"ce93009\" data-element_type=\"widget\" data-widget_type=\"image.default\">\n\t\t\t\t<div class=\"elementor-widget-container\">\n\t\t\t\t\t\t\t\t\t\t\t\t\t\t\t<img loading=\"lazy\" decoding=\"async\" width=\"660\" height=\"416\" src=\"https:\/\/touroperator.bellatrixviaggi.com\/wp-content\/uploads\/2021\/12\/Chi-siamo_mission-1024x645.jpg\" class=\"attachment-large size-large\" alt=\"\" srcset=\"https:\/\/touroperator.bellatrixviaggi.com\/wp-content\/uploads\/2021\/12\/Chi-siamo_mission-1024x645.jpg 1024w, https:\/\/touroperator.bellatrixviaggi.com\/wp-content\/uploads\/2021\/12\/Chi-siamo_mission-300x189.jpg 300w, https:\/\/touroperator.bellatrixviaggi.com\/wp-content\/uploads\/2021\/12\/Chi-siamo_mission-768x484.jpg 768w, https:\/\/touroperator.bellatrixviaggi.com\/wp-content\/uploads\/2021\/12\/Chi-siamo_mission-1536x968.jpg 1536w, https:\/\/touroperator.bellatrixviaggi.com\/wp-content\/uploads\/2021\/12\/Chi-siamo_mission.jpg 1920w\" sizes=\"auto, (max-width: 660px) 100vw, 660px\" \/>\t\t\t\t\t\t\t\t\t\t\t\t\t\t\t<\/div>\n\t\t\t\t<\/div>\n\t\t\t\t\t<\/div>\n\t\t<\/div>\n\t\t\t\t\t\t\t<\/div>\n\t\t<\/section>\n\t\t\t\t<section class=\"elementor-section elementor-top-section elementor-element elementor-element-31323c1 elementor-section-stretched elementor-section-boxed elementor-section-height-default elementor-section-height-default\" data-id=\"31323c1\" data-element_type=\"section\" data-settings=\"{&quot;stretch_section&quot;:&quot;section-stretched&quot;}\">\n\t\t\t\t\t\t<div class=\"elementor-container elementor-column-gap-extended\">\n\t\t\t\t\t<div class=\"elementor-column elementor-col-50 elementor-top-column elementor-element elementor-element-a389b15\" data-id=\"a389b15\" data-element_type=\"column\">\n\t\t\t<div class=\"elementor-widget-wrap elementor-element-populated\">\n\t\t\t\t\t\t\t\t<div class=\"elementor-element elementor-element-63c3045 elementor-widget elementor-widget-image\" data-id=\"63c3045\" data-element_type=\"widget\" data-widget_type=\"image.default\">\n\t\t\t\t<div class=\"elementor-widget-container\">\n\t\t\t\t\t\t\t\t\t\t\t\t\t\t\t<img loading=\"lazy\" decoding=\"async\" width=\"810\" height=\"540\" src=\"https:\/\/touroperator.bellatrixviaggi.com\/wp-content\/uploads\/2021\/12\/Chi-siamo_esperienza-nel-settore-810x540.jpg\" class=\"attachment-travlio-blog-grid size-travlio-blog-grid\" alt=\"\" srcset=\"https:\/\/touroperator.bellatrixviaggi.com\/wp-content\/uploads\/2021\/12\/Chi-siamo_esperienza-nel-settore-810x540.jpg 810w, https:\/\/touroperator.bellatrixviaggi.com\/wp-content\/uploads\/2021\/12\/Chi-siamo_esperienza-nel-settore-1200x800.jpg 1200w\" sizes=\"auto, (max-width: 810px) 100vw, 810px\" \/>\t\t\t\t\t\t\t\t\t\t\t\t\t\t\t<\/div>\n\t\t\t\t<\/div>\n\t\t\t\t\t<\/div>\n\t\t<\/div>\n\t\t\t\t<div class=\"elementor-column elementor-col-50 elementor-top-column elementor-element elementor-element-5040db9\" data-id=\"5040db9\" data-element_type=\"column\">\n\t\t\t<div class=\"elementor-widget-wrap elementor-element-populated\">\n\t\t\t\t\t\t\t\t<div class=\"elementor-element elementor-element-dd57177 elementor-widget elementor-widget-heading\" data-id=\"dd57177\" data-element_type=\"widget\" data-widget_type=\"heading.default\">\n\t\t\t\t<div class=\"elementor-widget-container\">\n\t\t\t<div class=\"elementor-heading-title elementor-size-default\">Nossa empresa<\/div>\t\t<\/div>\n\t\t\t\t<\/div>\n\t\t\t\t<div class=\"elementor-element elementor-element-e15f8ed elementor-widget elementor-widget-heading\" data-id=\"e15f8ed\" data-element_type=\"widget\" data-widget_type=\"heading.default\">\n\t\t\t\t<div class=\"elementor-widget-container\">\n\t\t\t<h2 class=\"elementor-heading-title elementor-size-default\">OS NOSSOS SERVI\u00c7OS<\/h2>\t\t<\/div>\n\t\t\t\t<\/div>\n\t\t\t\t<div class=\"elementor-element elementor-element-ee5c55a elementor-widget elementor-widget-text-editor\" data-id=\"ee5c55a\" data-element_type=\"widget\" data-widget_type=\"text-editor.default\">\n\t\t\t\t<div class=\"elementor-widget-container\">\n\t\t\t\t\t\t\t\t<p>Bellatrix Tour Operators pays particular attention to the Incoming area and it\u2019s specialized in the creation and realization of several kinds of customized tours: religious, leisure, eno-gastronomic, as well as meetings and conferences, various events throughout the national territory and it\u2019s also the Italian representative of many Tour operators. We have a bus company and selected and professional guides and tour leaders to ensure the best result for a successful tour.<br \/>Our offices are also open to the public as a travel agency, to offer local customers the following services: hotel reservations, travel packages, airline, maritime, rail and terrestrial tickets, honeymoons, cruises, car rentals, and various others services. It is also partner of important networks as Geo Vacanze and Honeymoon Planet group.<\/p>\t\t\t\t\t\t<\/div>\n\t\t\t\t<\/div>\n\t\t\t\t\t<\/div>\n\t\t<\/div>\n\t\t\t\t\t\t\t<\/div>\n\t\t<\/section>\n\t\t\t\t<section class=\"elementor-section elementor-top-section elementor-element elementor-element-69cdef0 elementor-section-stretched elementor-section-boxed elementor-section-height-default elementor-section-height-default\" data-id=\"69cdef0\" data-element_type=\"section\" data-settings=\"{&quot;stretch_section&quot;:&quot;section-stretched&quot;}\">\n\t\t\t\t\t\t<div class=\"elementor-container elementor-column-gap-extended\">\n\t\t\t\t\t<div class=\"elementor-column elementor-col-100 elementor-top-column elementor-element elementor-element-38da9f2\" data-id=\"38da9f2\" data-element_type=\"column\">\n\t\t\t<div class=\"elementor-widget-wrap\">\n\t\t\t\t\t\t\t\t\t<\/div>\n\t\t<\/div>\n\t\t\t\t\t\t\t<\/div>\n\t\t<\/section>\n\t\t\t\t\t\t<\/div>\n\t\t\t\t\t<\/div>\n\t\t","protected":false},"excerpt":{"rendered":"<p>Nossa empresa Historia O fundador , propriet\u00e1rio e diretor t\u00e9cnico \u00e9 Luca Di Feo, que seguiu a profiss\u00e3o do seu pai Alfredo (funcion\u00e1rio da Entidade do turismo de Salerno por cerca de 40 anos ). Luca tem uma vasta experi\u00eancia no setor do turismo, adquirida trabalhando para v\u00e1rios operadores tur\u00edsticos e companhias a\u00e9reas nacionais e &hellip; <br \/><a href=\"https:\/\/touroperator.bellatrixviaggi.com\/?page_id=969\" class=\"more-link\">Continue reading <span class=\"screen-reader-text\">Perfil de impresa<\/span><\/a><\/p>\n","protected":false},"author":1,"featured_media":0,"parent":0,"menu_order":0,"comment_status":"closed","ping_status":"closed","template":"","meta":{"footnotes":""},"class_list":["post-969","page","type-page","status-publish","hentry"],"_links":{"self":[{"href":"https:\/\/touroperator.bellatrixviaggi.com\/index.php?rest_route=\/wp\/v2\/pages\/969","targetHints":{"allow":["GET"]}}],"collection":[{"href":"https:\/\/touroperator.bellatrixviaggi.com\/index.php?rest_route=\/wp\/v2\/pages"}],"about":[{"href":"https:\/\/touroperator.bellatrixviaggi.com\/index.php?rest_route=\/wp\/v2\/types\/page"}],"author":[{"embeddable":true,"href":"https:\/\/touroperator.bellatrixviaggi.com\/index.php?rest_route=\/wp\/v2\/users\/1"}],"replies":[{"embeddable":true,"href":"https:\/\/touroperator.bellatrixviaggi.com\/index.php?rest_route=%2Fwp%2Fv2%2Fcomments&post=969"}],"version-history":[{"count":7,"href":"https:\/\/touroperator.bellatrixviaggi.com\/index.php?rest_route=\/wp\/v2\/pages\/969\/revisions"}],"predecessor-version":[{"id":2600,"href":"https:\/\/touroperator.bellatrixviaggi.com\/index.php?rest_route=\/wp\/v2\/pages\/969\/revisions\/2600"}],"wp:attachment":[{"href":"https:\/\/touroperator.bellatrixviaggi.com\/index.php?rest_route=%2Fwp%2Fv2%2Fmedia&parent=969"}],"curies":[{"name":"wp","href":"https:\/\/api.w.org\/{rel}","templated":true}]}}