{"id":1367,"date":"2021-08-06T17:57:42","date_gmt":"2021-08-06T15:57:42","guid":{"rendered":"https:\/\/projects.farkell.com\/bellatrix-touroperator\/?page_id=1367"},"modified":"2021-08-06T17:58:46","modified_gmt":"2021-08-06T15:58:46","slug":"politica-de-privacidade","status":"publish","type":"page","link":"https:\/\/touroperator.bellatrixviaggi.com\/?page_id=1367&lang=pt-pt","title":{"rendered":"Pol\u00edtica de Privacidade"},"content":{"rendered":"\t\t<div data-elementor-type=\"wp-page\" data-elementor-id=\"1367\" class=\"elementor elementor-1367\" data-elementor-settings=\"[]\">\n\t\t\t\t\t\t\t<div class=\"elementor-section-wrap\">\n\t\t\t\t\t\t\t<section class=\"elementor-section elementor-top-section elementor-element elementor-element-36333429 elementor-section-boxed elementor-section-height-default elementor-section-height-default\" data-id=\"36333429\" data-element_type=\"section\">\n\t\t\t\t\t\t<div class=\"elementor-container elementor-column-gap-default\">\n\t\t\t\t\t<div class=\"elementor-column elementor-col-100 elementor-top-column elementor-element elementor-element-4201da7c\" data-id=\"4201da7c\" data-element_type=\"column\">\n\t\t\t<div class=\"elementor-widget-wrap elementor-element-populated\">\n\t\t\t\t\t\t\t\t<div class=\"elementor-element elementor-element-342dd0e3 elementor-widget elementor-widget-text-editor\" data-id=\"342dd0e3\" data-element_type=\"widget\" data-widget_type=\"text-editor.default\">\n\t\t\t\t<div class=\"elementor-widget-container\">\n\t\t\t\t\t\t\t\t<p><!-- wp:heading --><\/p><p><strong>Pol\u00edtica de Privacidade<\/strong><\/p><p>Declara\u00e7\u00e3o de privacidade nos termos do artigo 13.o do Regulamento Geral de Prote\u00e7\u00e3o de Dados da UE 2016\/679 (RGPD)<\/p><p>O titular dos tratamentos realizados atrav\u00e9s deste site \u00e9 <strong>Bellatrix Srl, Via F. Spirito, 25 84095 Giffoni Valle Piana (SA), VAT IT04998840658,<\/strong> (doravante &#8220;Controlador de Dados&#8221;), <strong>Tel: +39089866752, e-mail: info@bellatrixviaggi.com.<\/strong><\/p><p><strong>\u00a0<\/strong><\/p><ol><li><strong>A) Fonte de dados pessoais e controlador de dados<\/strong><\/li><\/ol><p>Este documento foi elaborado nos termos do art. 13 do Regulamento UE 2016\/679 (doravante: &#8220;Regulamento&#8221;) a fim de permitir que voc\u00ea conhe\u00e7a nossa pol\u00edtica de privacidade. Descrevemos o processamento geral de dados pessoais dos usu\u00e1rios do site e como suas informa\u00e7\u00f5es pessoais s\u00e3o gerenciadas quando voc\u00ea usa nosso site [http:\/\/bellatrixviaggi.com\/] (doravante &#8220;Site&#8221;). As informa\u00e7\u00f5es e dados que voc\u00ea fornecer ou de outra forma adquiridos no contexto do uso dos servi\u00e7os do Propriet\u00e1rio, &#8211; tais como: acesso \u00e0 \u00e1rea reservada do Site, boletins informativos, listas, doravante &#8220;Servi\u00e7os&#8221; -, ser\u00e1 processado em conformidade com as disposi\u00e7\u00f5es do regulamento e as obriga\u00e7\u00f5es de confidencialidade que inspiram a atividade do propriet\u00e1rio.<\/p><p>Esta declara\u00e7\u00e3o \u00e9 feita apenas para este Site e n\u00e3o para outros sites que podem ser consultados pelo usu\u00e1rio atrav\u00e9s de links. Por favor, consulte qualquer se\u00e7\u00e3o espec\u00edfica do Site onde voc\u00ea pode encontrar as informa\u00e7\u00f5es espec\u00edficas e quaisquer pedidos de consentimento para o processamento individual.<\/p><p>\u00a0<\/p><ol><li><strong>B) Tipos de dados<\/strong><\/li><\/ol><p>Ap\u00f3s a navega\u00e7\u00e3o do Site, informamos que o Controlador de Dados processar\u00e1 os dados pessoais abaixo apenas &#8220;Dados Pessoais&#8221;.<\/p><p>Em particular, os Dados Pessoais tratados atrav\u00e9s do Site s\u00e3o os seguintes:<\/p><p>\u00a0<\/p><p><strong><em>1) Dados de navega\u00e7\u00e3o<\/em><\/strong><\/p><p>Os sistemas inform\u00e1ticos e os procedimentos de software utilizados para operar o Site adquirem, durante o seu funcionamento normal, alguns Dados Pessoais cuja transmiss\u00e3o est\u00e1 impl\u00edcita na utiliza\u00e7\u00e3o de protocolos de comunica\u00e7\u00e3o da Internet. Esta categoria de dados inclui endere\u00e7os IP ou nomes de dom\u00ednio de computadores usados por usu\u00e1rios que se conectam ao Site, endere\u00e7os URI (Uniform Resource Identifier) dos recursos solicitados, a hora do pedido, o m\u00e9todo usado para enviar o pedido para o servidor, O tamanho do ficheiro obtido em resposta, o c\u00f3digo num\u00e9rico que indica o estado da resposta dada pelo servidor (sucesso, erro, etc.) e outros par\u00e2metros relacionados com o sistema operativo e o ambiente inform\u00e1tico do utilizador. Estes dados s\u00e3o utilizados com o \u00fanico objectivo de obter informa\u00e7\u00e3o estat\u00edstica an\u00f3nima sobre a utiliza\u00e7\u00e3o do Site e de verificar o seu correcto funcionamento (ver a Pol\u00edtica de Cookies do site), para identificar anomalias e\/ou abusos, e s\u00e3o eliminados imediatamente ap\u00f3s o processamento. Os dados poder\u00e3o ser utilizados pelas autoridades competentes para apurar a responsabilidade em caso de hipot\u00e9ticos crimes inform\u00e1ticos contra o s\u00edtio.<\/p><p><strong><em>2) Dados fornecidos voluntariamente pelo titular dos dados<\/em><\/strong><\/p><p>Al\u00e9m do que \u00e9 especificado para dados de navega\u00e7\u00e3o, o usu\u00e1rio \u00e9 livre para fornecer os dados pessoais contidos em qualquer formul\u00e1rio de solicita\u00e7\u00e3o no site (ex. para ativar boletins informativos, para fazer uma compra, etc.). A n\u00e3o presta\u00e7\u00e3o de servi\u00e7os pode tornar imposs\u00edvel a presta\u00e7\u00e3o do servi\u00e7o.\u00a0 Nestes casos, apenas ser\u00e3o exigidas as informa\u00e7\u00f5es necess\u00e1rias para o servi\u00e7o solicitado (ver informa\u00e7\u00f5es espec\u00edficas em detalhe).<\/p><p>Na utiliza\u00e7\u00e3o de alguns Servi\u00e7os do Site pode ocorrer um processamento de Dados Pessoais de terceiros enviados por voc\u00ea para o Propriet\u00e1rio. No que diz respeito a estas hip\u00f3teses, o utilizador \u00e9 um controlador de dados independente, assumindo todas as obriga\u00e7\u00f5es e responsabilidades legais. Neste sentido, d\u00e1 a mais ampla indeniza\u00e7\u00e3o em rela\u00e7\u00e3o a qualquer reclama\u00e7\u00e3o, reivindica\u00e7\u00e3o, pedido de indeniza\u00e7\u00e3o pelos danos causados pelo tratamento, etc. que devem chegar ao Controlador de Dados de terceiros cujos Dados Pessoais foram processados atrav\u00e9s do uso das fun\u00e7\u00f5es do Site em viola\u00e7\u00e3o das regras aplic\u00e1veis sobre a prote\u00e7\u00e3o de dados pessoais. Em qualquer caso, se voc\u00ea fornecer ou processar Dados Pessoais de terceiros no uso do Site, voc\u00ea garante a partir de agora &#8211; assumindo qualquer responsabilidade relacionada &#8211; que esta hip\u00f3tese de processamento particular \u00e9 baseada em uma base legal apropriada de acordo com o art. 6 do regulamento que legitima o tratamento das informa\u00e7\u00f5es em quest\u00e3o.<\/p><p>\u00a0<\/p><ol><li><strong>C) Finalidade do tratamento e base jur\u00eddica<\/strong><\/li><\/ol><p>O processamento de dados pessoais que pretendemos realizar tem a finalidade de:<\/p><p>\u00a0<\/p><ul><li>Permitir a presta\u00e7\u00e3o de Servi\u00e7os do Site<\/li><\/ul><p>\u00a0<\/p><p>A base jur\u00eddica para o processamento \u00e9 a implementa\u00e7\u00e3o de medidas pr\u00e9-contratuais tomadas a pedido do mesmo.<\/p><p>O fornecimento de Dados Pessoais para estes fins \u00e9 opcional, mas a sua n\u00e3o disponibiliza\u00e7\u00e3o tornaria imposs\u00edvel a ativa\u00e7\u00e3o dos Servi\u00e7os prestados pelo Site.<\/p><p>\u00a0<\/p><ol><li><strong>D) Destinat\u00e1rios dos dados pessoais<\/strong><\/li><\/ol><p>Os seus Dados Pessoais podem ser partilhados, para os fins acima mencionados, com:<\/p><ul><li>pessoas autorizadas pelo titular;<\/li><\/ul><p>\u00a0<\/p><ul><li>Terceiros que possam ser atribu\u00eddos \u00e0 gest\u00e3o do Site que normalmente atuam como Processadores de Dados. Para a lista completa e atualizada de categorias respons\u00e1veis escreva para info@bellatrixviaggi.com.<\/li><\/ul><p>\u00a0<\/p><ul><li>sujeitos, entidades ou autoridades a quem \u00e9 obrigat\u00f3rio comunicar os seus Dados Pessoais.<\/li><\/ul><p>\u00a0<\/p><ol><li><strong>E) Transfer\u00eancias de dados pessoais<\/strong><\/li><\/ol><p>Alguns dos seus Dados Pessoais s\u00e3o partilhados com Destinat\u00e1rios que podem ser encontrados fora do Espa\u00e7o Econ\u00f3mico Europeu. O Controlador de Dados garante que o processamento de seus Dados Pessoais por esses Destinat\u00e1rios ocorra em conformidade com o Regulamento. Com efeito, as transfer\u00eancias podem basear-se numa decis\u00e3o de adequa\u00e7\u00e3o, nas cl\u00e1usulas contratuais-tipo aprovadas pela Comiss\u00e3o Europeia ou noutra base jur\u00eddica adequada.<\/p><p>\u00a0<\/p><ol><li><strong>F) Seus direitos de privacidade de acordo com o Art. 15 e segs. das Regras de Procedimento<\/strong><\/li><\/ol><p>Nos termos dos Artigos 15 e seguintes do Regulamento, voc\u00ea tem o direito de solicitar ao Controlador de Dados acesso aos seus Dados Pessoais, corre\u00e7\u00e3o ou cancelamento dos mesmos ou se opor ao seu processamento, voc\u00ea tem o direito de solicitar a restri\u00e7\u00e3o de processamento, Obter num formato estruturado, de uso corrente e leg\u00edvel por m\u00e1quina os dados que lhe dizem respeito e apresentar uma reclama\u00e7\u00e3o junto do Garante para a Prote\u00e7\u00e3o de Dados Pessoais.<\/p><p>As solicita\u00e7\u00f5es devem ser endere\u00e7adas por escrito ao Controlador de Dados em info@bellatrixviaggi.com.<\/p><p>\u00a0<\/p><ol><li><strong>G) Altera\u00e7\u00f5es<\/strong><\/li><\/ol><p>Esta pol\u00edtica de privacidade est\u00e1 em vigor desde 18\/01\/2021. O Controlador de Dados reserva-se o direito de modificar ou simplesmente atualizar o conte\u00fado, em parte ou na \u00edntegra, tamb\u00e9m devido a altera\u00e7\u00f5es na legisla\u00e7\u00e3o aplic\u00e1vel.<\/p><p><!-- \/wp:paragraph --><\/p>\t\t\t\t\t\t<\/div>\n\t\t\t\t<\/div>\n\t\t\t\t\t<\/div>\n\t\t<\/div>\n\t\t\t\t\t\t\t<\/div>\n\t\t<\/section>\n\t\t\t\t\t\t<\/div>\n\t\t\t\t\t<\/div>\n\t\t","protected":false},"excerpt":{"rendered":"<p>Pol\u00edtica de Privacidade Declara\u00e7\u00e3o de privacidade nos termos do artigo 13.o do Regulamento Geral de Prote\u00e7\u00e3o de Dados da UE 2016\/679 (RGPD) O titular dos tratamentos realizados atrav\u00e9s deste site \u00e9 Bellatrix Srl, Via F. Spirito, 25 84095 Giffoni Valle Piana (SA), VAT IT04998840658, (doravante &#8220;Controlador de Dados&#8221;), Tel: +39089866752, e-mail: info@bellatrixviaggi.com. \u00a0 A) Fonte &hellip; <br \/><a href=\"https:\/\/touroperator.bellatrixviaggi.com\/?page_id=1367&#038;lang=pt-pt\" class=\"more-link\">Continue reading <span class=\"screen-reader-text\">Pol\u00edtica de Privacidade<\/span><\/a><\/p>\n","protected":false},"author":1,"featured_media":0,"parent":0,"menu_order":0,"comment_status":"closed","ping_status":"open","template":"","meta":{"footnotes":""},"class_list":["post-1367","page","type-page","status-publish","hentry"],"_links":{"self":[{"href":"https:\/\/touroperator.bellatrixviaggi.com\/index.php?rest_route=\/wp\/v2\/pages\/1367","targetHints":{"allow":["GET"]}}],"collection":[{"href":"https:\/\/touroperator.bellatrixviaggi.com\/index.php?rest_route=\/wp\/v2\/pages"}],"about":[{"href":"https:\/\/touroperator.bellatrixviaggi.com\/index.php?rest_route=\/wp\/v2\/types\/page"}],"author":[{"embeddable":true,"href":"https:\/\/touroperator.bellatrixviaggi.com\/index.php?rest_route=\/wp\/v2\/users\/1"}],"replies":[{"embeddable":true,"href":"https:\/\/touroperator.bellatrixviaggi.com\/index.php?rest_route=%2Fwp%2Fv2%2Fcomments&post=1367"}],"version-history":[{"count":5,"href":"https:\/\/touroperator.bellatrixviaggi.com\/index.php?rest_route=\/wp\/v2\/pages\/1367\/revisions"}],"predecessor-version":[{"id":1373,"href":"https:\/\/touroperator.bellatrixviaggi.com\/index.php?rest_route=\/wp\/v2\/pages\/1367\/revisions\/1373"}],"wp:attachment":[{"href":"https:\/\/touroperator.bellatrixviaggi.com\/index.php?rest_route=%2Fwp%2Fv2%2Fmedia&parent=1367"}],"curies":[{"name":"wp","href":"https:\/\/api.w.org\/{rel}","templated":true}]}}