{"id":1084,"date":"2021-08-01T21:01:43","date_gmt":"2021-08-01T19:01:43","guid":{"rendered":"https:\/\/projects.farkell.com\/bellatrix-touroperator\/?page_id=1084"},"modified":"2021-10-18T16:16:13","modified_gmt":"2021-10-18T14:16:13","slug":"nossos-servicos","status":"publish","type":"page","link":"https:\/\/touroperator.bellatrixviaggi.com\/?page_id=1084&lang=pt-pt","title":{"rendered":"Nossos Servi\u00e7os"},"content":{"rendered":"\t\t<div data-elementor-type=\"wp-page\" data-elementor-id=\"1084\" class=\"elementor elementor-1084\" data-elementor-settings=\"[]\">\n\t\t\t\t\t\t\t<div class=\"elementor-section-wrap\">\n\t\t\t\t\t\t\t<section class=\"elementor-section elementor-top-section elementor-element elementor-element-f47b016 elementor-section-boxed elementor-section-height-default elementor-section-height-default\" data-id=\"f47b016\" data-element_type=\"section\">\n\t\t\t\t\t\t<div class=\"elementor-container elementor-column-gap-default\">\n\t\t\t\t\t<div class=\"elementor-column elementor-col-100 elementor-top-column elementor-element elementor-element-72fa98e\" data-id=\"72fa98e\" data-element_type=\"column\">\n\t\t\t<div class=\"elementor-widget-wrap elementor-element-populated\">\n\t\t\t\t\t\t\t\t<div class=\"elementor-element elementor-element-0affd11 elementor-widget elementor-widget-heading\" data-id=\"0affd11\" data-element_type=\"widget\" data-widget_type=\"heading.default\">\n\t\t\t\t<div class=\"elementor-widget-container\">\n\t\t\t<h3 class=\"elementor-heading-title elementor-size-default\">The section Tour operator is also available for the following services for FIT and GROUPS:<\/h3>\t\t<\/div>\n\t\t\t\t<\/div>\n\t\t\t\t\t<\/div>\n\t\t<\/div>\n\t\t\t\t\t\t\t<\/div>\n\t\t<\/section>\n\t\t\t\t<section class=\"elementor-section elementor-top-section elementor-element elementor-element-ed9214d elementor-section-full_width elementor-section-stretched elementor-section-height-default elementor-section-height-default\" data-id=\"ed9214d\" data-element_type=\"section\" data-settings=\"{&quot;stretch_section&quot;:&quot;section-stretched&quot;}\">\n\t\t\t\t\t\t<div class=\"elementor-container elementor-column-gap-default\">\n\t\t\t\t\t<div class=\"elementor-column elementor-col-100 elementor-top-column elementor-element elementor-element-1c0b4a8\" data-id=\"1c0b4a8\" data-element_type=\"column\">\n\t\t\t<div class=\"elementor-widget-wrap elementor-element-populated\">\n\t\t\t\t\t\t\t\t<section class=\"elementor-section elementor-inner-section elementor-element elementor-element-f4c6ae0 elementor-section-boxed elementor-section-height-default elementor-section-height-default\" data-id=\"f4c6ae0\" data-element_type=\"section\">\n\t\t\t\t\t\t<div class=\"elementor-container elementor-column-gap-default\">\n\t\t\t\t\t<div class=\"elementor-column elementor-col-50 elementor-inner-column elementor-element elementor-element-78c2c72\" data-id=\"78c2c72\" data-element_type=\"column\">\n\t\t\t<div class=\"elementor-widget-wrap elementor-element-populated\">\n\t\t\t\t\t\t\t\t<div class=\"elementor-element elementor-element-ae6105a elementor-invisible elementor-widget elementor-widget-apus_element_features_box\" data-id=\"ae6105a\" data-element_type=\"widget\" data-settings=\"{&quot;_animation&quot;:&quot;pulse&quot;}\" data-widget_type=\"apus_element_features_box.default\">\n\t\t\t\t<div class=\"elementor-widget-container\">\n\t\t\t            <div class=\"widget-features-box   style2\">\n                  \n                    <div class=\"row\">\n                                                    <div class=\"item col-xs-12 col-md-12                                 sm-clearfix xs-clearfix                                                                 \">\n                                <div class=\"item-inner\">\n                                     <div class=\"top-inner\">\n                                                                                <div class=\"features-box-image img\"><img loading=\"lazy\" decoding=\"async\" width=\"933\" height=\"700\" src=\"https:\/\/touroperator.bellatrixviaggi.com\/wp-content\/uploads\/2021\/10\/bellatrix-tour-operator-incoming_8-1.jpeg\" class=\"attachment-full size-full\" alt=\"\" srcset=\"https:\/\/touroperator.bellatrixviaggi.com\/wp-content\/uploads\/2021\/10\/bellatrix-tour-operator-incoming_8-1.jpeg 933w, https:\/\/touroperator.bellatrixviaggi.com\/wp-content\/uploads\/2021\/10\/bellatrix-tour-operator-incoming_8-1-300x225.jpeg 300w, https:\/\/touroperator.bellatrixviaggi.com\/wp-content\/uploads\/2021\/10\/bellatrix-tour-operator-incoming_8-1-768x576.jpeg 768w\" sizes=\"auto, (max-width: 933px) 100vw, 933px\" \/><\/div><\/div><div class=\"features-box-content\"><h3 class=\"title\">Guias acompanhantes em v\u00e1rias l\u00ednguas<\/h3><\/div>\n                                <\/div>\n                            <\/div>\n                                                    <div class=\"item col-xs-12 col-md-12                                                                                                \">\n                                <div class=\"item-inner\">\n                                     <div class=\"top-inner\">\n                                                                                <div class=\"features-box-image img\"><img loading=\"lazy\" decoding=\"async\" width=\"933\" height=\"700\" src=\"https:\/\/touroperator.bellatrixviaggi.com\/wp-content\/uploads\/2021\/10\/bellatrix-tour-operator-incoming_9.jpeg\" class=\"attachment-full size-full\" alt=\"\" srcset=\"https:\/\/touroperator.bellatrixviaggi.com\/wp-content\/uploads\/2021\/10\/bellatrix-tour-operator-incoming_9.jpeg 933w, https:\/\/touroperator.bellatrixviaggi.com\/wp-content\/uploads\/2021\/10\/bellatrix-tour-operator-incoming_9-300x225.jpeg 300w, https:\/\/touroperator.bellatrixviaggi.com\/wp-content\/uploads\/2021\/10\/bellatrix-tour-operator-incoming_9-768x576.jpeg 768w\" sizes=\"auto, (max-width: 933px) 100vw, 933px\" \/><\/div><\/div><div class=\"features-box-content\"><h3 class=\"title\">Traslados privativos<\/h3><\/div>\n                                <\/div>\n                            <\/div>\n                                                    <div class=\"item col-xs-12 col-md-12                                 sm-clearfix xs-clearfix                                                                 \">\n                                <div class=\"item-inner\">\n                                     <div class=\"top-inner\">\n                                                                                <div class=\"features-box-image img\"><img loading=\"lazy\" decoding=\"async\" width=\"1050\" height=\"700\" src=\"https:\/\/touroperator.bellatrixviaggi.com\/wp-content\/uploads\/2021\/10\/Incoming-services-bus-2-1.jpg\" class=\"attachment-full size-full\" alt=\"\" srcset=\"https:\/\/touroperator.bellatrixviaggi.com\/wp-content\/uploads\/2021\/10\/Incoming-services-bus-2-1.jpg 1050w, https:\/\/touroperator.bellatrixviaggi.com\/wp-content\/uploads\/2021\/10\/Incoming-services-bus-2-1-300x200.jpg 300w, https:\/\/touroperator.bellatrixviaggi.com\/wp-content\/uploads\/2021\/10\/Incoming-services-bus-2-1-1024x683.jpg 1024w, https:\/\/touroperator.bellatrixviaggi.com\/wp-content\/uploads\/2021\/10\/Incoming-services-bus-2-1-768x512.jpg 768w, https:\/\/touroperator.bellatrixviaggi.com\/wp-content\/uploads\/2021\/10\/Incoming-services-bus-2-1-810x540.jpg 810w\" sizes=\"auto, (max-width: 1050px) 100vw, 1050px\" \/><\/div><\/div><div class=\"features-box-content\"><h3 class=\"title\">\u00d4nibus, micro \u00f4nibus<\/h3><\/div>\n                                <\/div>\n                            <\/div>\n                                                    <div class=\"item col-xs-12 col-md-12                                                                                                \">\n                                <div class=\"item-inner\">\n                                     <div class=\"top-inner\">\n                                                                                <div class=\"features-box-image img\"><img loading=\"lazy\" decoding=\"async\" width=\"1050\" height=\"700\" src=\"https:\/\/touroperator.bellatrixviaggi.com\/wp-content\/uploads\/2021\/10\/limousine-2-1.jpg\" class=\"attachment-full size-full\" alt=\"\" srcset=\"https:\/\/touroperator.bellatrixviaggi.com\/wp-content\/uploads\/2021\/10\/limousine-2-1.jpg 1050w, https:\/\/touroperator.bellatrixviaggi.com\/wp-content\/uploads\/2021\/10\/limousine-2-1-300x200.jpg 300w, https:\/\/touroperator.bellatrixviaggi.com\/wp-content\/uploads\/2021\/10\/limousine-2-1-1024x683.jpg 1024w, https:\/\/touroperator.bellatrixviaggi.com\/wp-content\/uploads\/2021\/10\/limousine-2-1-768x512.jpg 768w, https:\/\/touroperator.bellatrixviaggi.com\/wp-content\/uploads\/2021\/10\/limousine-2-1-810x540.jpg 810w\" sizes=\"auto, (max-width: 1050px) 100vw, 1050px\" \/><\/div><\/div><div class=\"features-box-content\"><h3 class=\"title\">Loca\u00e7\u00e3o de ve\u00edculos, carros de luxo e helic\u00f3pteros<\/h3><\/div>\n                                <\/div>\n                            <\/div>\n                                                    <div class=\"item col-xs-12 col-md-12                                 sm-clearfix xs-clearfix                                                                 \">\n                                <div class=\"item-inner\">\n                                     <div class=\"top-inner\">\n                                                                                <div class=\"features-box-image img\"><img loading=\"lazy\" decoding=\"async\" width=\"1050\" height=\"700\" src=\"https:\/\/touroperator.bellatrixviaggi.com\/wp-content\/uploads\/2021\/10\/Incoming-services-Events-planner-2-1.jpg\" class=\"attachment-full size-full\" alt=\"\" srcset=\"https:\/\/touroperator.bellatrixviaggi.com\/wp-content\/uploads\/2021\/10\/Incoming-services-Events-planner-2-1.jpg 1050w, https:\/\/touroperator.bellatrixviaggi.com\/wp-content\/uploads\/2021\/10\/Incoming-services-Events-planner-2-1-300x200.jpg 300w, https:\/\/touroperator.bellatrixviaggi.com\/wp-content\/uploads\/2021\/10\/Incoming-services-Events-planner-2-1-1024x683.jpg 1024w, https:\/\/touroperator.bellatrixviaggi.com\/wp-content\/uploads\/2021\/10\/Incoming-services-Events-planner-2-1-768x512.jpg 768w, https:\/\/touroperator.bellatrixviaggi.com\/wp-content\/uploads\/2021\/10\/Incoming-services-Events-planner-2-1-810x540.jpg 810w\" sizes=\"auto, (max-width: 1050px) 100vw, 1050px\" \/><\/div><\/div><div class=\"features-box-content\"><h3 class=\"title\">Organiza\u00e7\u00e3o de eventos<\/h3><\/div>\n                                <\/div>\n                            <\/div>\n                                                    <div class=\"item col-xs-12 col-md-12                                                                                                \">\n                                <div class=\"item-inner\">\n                                     <div class=\"top-inner\">\n                                                                                <div class=\"features-box-image img\"><img loading=\"lazy\" decoding=\"async\" width=\"1050\" height=\"700\" src=\"https:\/\/touroperator.bellatrixviaggi.com\/wp-content\/uploads\/2021\/10\/Incoming-services-booking-2-1.jpg\" class=\"attachment-full size-full\" alt=\"\" srcset=\"https:\/\/touroperator.bellatrixviaggi.com\/wp-content\/uploads\/2021\/10\/Incoming-services-booking-2-1.jpg 1050w, https:\/\/touroperator.bellatrixviaggi.com\/wp-content\/uploads\/2021\/10\/Incoming-services-booking-2-1-300x200.jpg 300w, https:\/\/touroperator.bellatrixviaggi.com\/wp-content\/uploads\/2021\/10\/Incoming-services-booking-2-1-1024x683.jpg 1024w, https:\/\/touroperator.bellatrixviaggi.com\/wp-content\/uploads\/2021\/10\/Incoming-services-booking-2-1-768x512.jpg 768w, https:\/\/touroperator.bellatrixviaggi.com\/wp-content\/uploads\/2021\/10\/Incoming-services-booking-2-1-810x540.jpg 810w\" sizes=\"auto, (max-width: 1050px) 100vw, 1050px\" \/><\/div><\/div><div class=\"features-box-content\"><h3 class=\"title\">Reserva de hot\u00e9is e villas<\/h3><\/div>\n                                <\/div>\n                            <\/div>\n                                            <\/div>\n                            <\/div>\n            \t\t<\/div>\n\t\t\t\t<\/div>\n\t\t\t\t\t<\/div>\n\t\t<\/div>\n\t\t\t\t<div class=\"elementor-column elementor-col-50 elementor-inner-column elementor-element elementor-element-10e8ae1 elementor-invisible\" data-id=\"10e8ae1\" data-element_type=\"column\" data-settings=\"{&quot;animation&quot;:&quot;pulse&quot;}\">\n\t\t\t<div class=\"elementor-widget-wrap elementor-element-populated\">\n\t\t\t\t\t\t\t\t<div class=\"elementor-element elementor-element-2485235 elementor-widget elementor-widget-apus_element_features_box\" data-id=\"2485235\" data-element_type=\"widget\" data-widget_type=\"apus_element_features_box.default\">\n\t\t\t\t<div class=\"elementor-widget-container\">\n\t\t\t            <div class=\"widget-features-box   style2\">\n                  \n                    <div class=\"row\">\n                                                    <div class=\"item col-xs-12 col-md-12                                 sm-clearfix xs-clearfix                                                                 \">\n                                <div class=\"item-inner\">\n                                     <div class=\"top-inner\">\n                                                                                <div class=\"features-box-image img\"><img loading=\"lazy\" decoding=\"async\" width=\"1050\" height=\"700\" src=\"https:\/\/touroperator.bellatrixviaggi.com\/wp-content\/uploads\/2021\/10\/Incoming-services_congresses-2-1.jpg\" class=\"attachment-full size-full\" alt=\"\" srcset=\"https:\/\/touroperator.bellatrixviaggi.com\/wp-content\/uploads\/2021\/10\/Incoming-services_congresses-2-1.jpg 1050w, https:\/\/touroperator.bellatrixviaggi.com\/wp-content\/uploads\/2021\/10\/Incoming-services_congresses-2-1-300x200.jpg 300w, https:\/\/touroperator.bellatrixviaggi.com\/wp-content\/uploads\/2021\/10\/Incoming-services_congresses-2-1-1024x683.jpg 1024w, https:\/\/touroperator.bellatrixviaggi.com\/wp-content\/uploads\/2021\/10\/Incoming-services_congresses-2-1-768x512.jpg 768w, https:\/\/touroperator.bellatrixviaggi.com\/wp-content\/uploads\/2021\/10\/Incoming-services_congresses-2-1-810x540.jpg 810w\" sizes=\"auto, (max-width: 1050px) 100vw, 1050px\" \/><\/div><\/div><div class=\"features-box-content\"><h3 class=\"title\">Organiza\u00e7\u00e3o de congressos<\/h3><\/div>\n                                <\/div>\n                            <\/div>\n                                                    <div class=\"item col-xs-12 col-md-12                                                                                                \">\n                                <div class=\"item-inner\">\n                                     <div class=\"top-inner\">\n                                                                                <div class=\"features-box-image img\"><img loading=\"lazy\" decoding=\"async\" width=\"1050\" height=\"700\" src=\"https:\/\/touroperator.bellatrixviaggi.com\/wp-content\/uploads\/2021\/10\/Incoming-services_hostess-2-1.jpg\" class=\"attachment-full size-full\" alt=\"\" srcset=\"https:\/\/touroperator.bellatrixviaggi.com\/wp-content\/uploads\/2021\/10\/Incoming-services_hostess-2-1.jpg 1050w, https:\/\/touroperator.bellatrixviaggi.com\/wp-content\/uploads\/2021\/10\/Incoming-services_hostess-2-1-300x200.jpg 300w, https:\/\/touroperator.bellatrixviaggi.com\/wp-content\/uploads\/2021\/10\/Incoming-services_hostess-2-1-1024x683.jpg 1024w, https:\/\/touroperator.bellatrixviaggi.com\/wp-content\/uploads\/2021\/10\/Incoming-services_hostess-2-1-768x512.jpg 768w, https:\/\/touroperator.bellatrixviaggi.com\/wp-content\/uploads\/2021\/10\/Incoming-services_hostess-2-1-810x540.jpg 810w\" sizes=\"auto, (max-width: 1050px) 100vw, 1050px\" \/><\/div><\/div><div class=\"features-box-content\"><h3 class=\"title\">Guias locais em v\u00e1rias l\u00ednguas<\/h3><\/div>\n                                <\/div>\n                            <\/div>\n                                                    <div class=\"item col-xs-12 col-md-12                                 sm-clearfix xs-clearfix                                                                 \">\n                                <div class=\"item-inner\">\n                                     <div class=\"top-inner\">\n                                                                                <div class=\"features-box-image img\"><img loading=\"lazy\" decoding=\"async\" width=\"1050\" height=\"700\" src=\"https:\/\/touroperator.bellatrixviaggi.com\/wp-content\/uploads\/2021\/10\/Incoming-services-excursion-2-1.jpg\" class=\"attachment-full size-full\" alt=\"\" srcset=\"https:\/\/touroperator.bellatrixviaggi.com\/wp-content\/uploads\/2021\/10\/Incoming-services-excursion-2-1.jpg 1050w, https:\/\/touroperator.bellatrixviaggi.com\/wp-content\/uploads\/2021\/10\/Incoming-services-excursion-2-1-300x200.jpg 300w, https:\/\/touroperator.bellatrixviaggi.com\/wp-content\/uploads\/2021\/10\/Incoming-services-excursion-2-1-1024x683.jpg 1024w, https:\/\/touroperator.bellatrixviaggi.com\/wp-content\/uploads\/2021\/10\/Incoming-services-excursion-2-1-768x512.jpg 768w, https:\/\/touroperator.bellatrixviaggi.com\/wp-content\/uploads\/2021\/10\/Incoming-services-excursion-2-1-810x540.jpg 810w\" sizes=\"auto, (max-width: 1050px) 100vw, 1050px\" \/><\/div><\/div><div class=\"features-box-content\"><h3 class=\"title\">Excurs\u00f5es individuais ou em grupo<\/h3><\/div>\n                                <\/div>\n                            <\/div>\n                                                    <div class=\"item col-xs-12 col-md-12                                                                                                \">\n                                <div class=\"item-inner\">\n                                     <div class=\"top-inner\">\n                                                                                <div class=\"features-box-image img\"><img loading=\"lazy\" decoding=\"async\" width=\"1050\" height=\"700\" src=\"https:\/\/touroperator.bellatrixviaggi.com\/wp-content\/uploads\/2021\/10\/incoming-services-ticket-2-1.jpg\" class=\"attachment-full size-full\" alt=\"\" srcset=\"https:\/\/touroperator.bellatrixviaggi.com\/wp-content\/uploads\/2021\/10\/incoming-services-ticket-2-1.jpg 1050w, https:\/\/touroperator.bellatrixviaggi.com\/wp-content\/uploads\/2021\/10\/incoming-services-ticket-2-1-300x200.jpg 300w, https:\/\/touroperator.bellatrixviaggi.com\/wp-content\/uploads\/2021\/10\/incoming-services-ticket-2-1-1024x683.jpg 1024w, https:\/\/touroperator.bellatrixviaggi.com\/wp-content\/uploads\/2021\/10\/incoming-services-ticket-2-1-768x512.jpg 768w, https:\/\/touroperator.bellatrixviaggi.com\/wp-content\/uploads\/2021\/10\/incoming-services-ticket-2-1-810x540.jpg 810w\" sizes=\"auto, (max-width: 1050px) 100vw, 1050px\" \/><\/div><\/div><div class=\"features-box-content\"><h3 class=\"title\">Reserva de ingressos<\/h3><\/div>\n                                <\/div>\n                            <\/div>\n                                                    <div class=\"item col-xs-12 col-md-12                                 sm-clearfix xs-clearfix                                                                 \">\n                                <div class=\"item-inner\">\n                                     <div class=\"top-inner\">\n                                                                                <div class=\"features-box-image img\"><img loading=\"lazy\" decoding=\"async\" width=\"1050\" height=\"700\" src=\"https:\/\/touroperator.bellatrixviaggi.com\/wp-content\/uploads\/2021\/10\/Incoming-services-rental-car-2-1.jpg\" class=\"attachment-full size-full\" alt=\"\" srcset=\"https:\/\/touroperator.bellatrixviaggi.com\/wp-content\/uploads\/2021\/10\/Incoming-services-rental-car-2-1.jpg 1050w, https:\/\/touroperator.bellatrixviaggi.com\/wp-content\/uploads\/2021\/10\/Incoming-services-rental-car-2-1-300x200.jpg 300w, https:\/\/touroperator.bellatrixviaggi.com\/wp-content\/uploads\/2021\/10\/Incoming-services-rental-car-2-1-1024x683.jpg 1024w, https:\/\/touroperator.bellatrixviaggi.com\/wp-content\/uploads\/2021\/10\/Incoming-services-rental-car-2-1-768x512.jpg 768w, https:\/\/touroperator.bellatrixviaggi.com\/wp-content\/uploads\/2021\/10\/Incoming-services-rental-car-2-1-810x540.jpg 810w\" sizes=\"auto, (max-width: 1050px) 100vw, 1050px\" \/><\/div><\/div><div class=\"features-box-content\"><h3 class=\"title\">Carro alugado<\/h3><\/div>\n                                <\/div>\n                            <\/div>\n                                                    <div class=\"item col-xs-12 col-md-12                                                                                                \">\n                                <div class=\"item-inner\">\n                                     <div class=\"top-inner\">\n                                                                                <div class=\"features-box-image img\"><img loading=\"lazy\" decoding=\"async\" width=\"1050\" height=\"700\" src=\"https:\/\/touroperator.bellatrixviaggi.com\/wp-content\/uploads\/2021\/10\/incoming-services-Wedding-2-1.jpg\" class=\"attachment-full size-full\" alt=\"\" srcset=\"https:\/\/touroperator.bellatrixviaggi.com\/wp-content\/uploads\/2021\/10\/incoming-services-Wedding-2-1.jpg 1050w, https:\/\/touroperator.bellatrixviaggi.com\/wp-content\/uploads\/2021\/10\/incoming-services-Wedding-2-1-300x200.jpg 300w, https:\/\/touroperator.bellatrixviaggi.com\/wp-content\/uploads\/2021\/10\/incoming-services-Wedding-2-1-1024x683.jpg 1024w, https:\/\/touroperator.bellatrixviaggi.com\/wp-content\/uploads\/2021\/10\/incoming-services-Wedding-2-1-768x512.jpg 768w, https:\/\/touroperator.bellatrixviaggi.com\/wp-content\/uploads\/2021\/10\/incoming-services-Wedding-2-1-810x540.jpg 810w\" sizes=\"auto, (max-width: 1050px) 100vw, 1050px\" \/><\/div><\/div><div class=\"features-box-content\"><h3 class=\"title\">Organiza\u00e7\u00e3o de casamentos e lua de mel<\/h3><\/div>\n                                <\/div>\n                            <\/div>\n                                            <\/div>\n                            <\/div>\n            \t\t<\/div>\n\t\t\t\t<\/div>\n\t\t\t\t\t<\/div>\n\t\t<\/div>\n\t\t\t\t\t\t\t<\/div>\n\t\t<\/section>\n\t\t\t\t\t<\/div>\n\t\t<\/div>\n\t\t\t\t\t\t\t<\/div>\n\t\t<\/section>\n\t\t\t\t\t\t<\/div>\n\t\t\t\t\t<\/div>\n\t\t","protected":false},"excerpt":{"rendered":"<p>The section Tour operator is also available for the following services for FIT and GROUPS: Guias acompanhantes em v\u00e1rias l\u00ednguas Traslados privativos \u00d4nibus, micro \u00f4nibus Loca\u00e7\u00e3o de ve\u00edculos, carros de luxo e helic\u00f3pteros Organiza\u00e7\u00e3o de eventos Reserva de hot\u00e9is e villas Organiza\u00e7\u00e3o de congressos Guias locais em v\u00e1rias l\u00ednguas Excurs\u00f5es individuais ou em grupo Reserva &hellip; <br \/><a href=\"https:\/\/touroperator.bellatrixviaggi.com\/?page_id=1084&#038;lang=pt-pt\" class=\"more-link\">Continue reading <span class=\"screen-reader-text\">Nossos Servi\u00e7os<\/span><\/a><\/p>\n","protected":false},"author":1,"featured_media":0,"parent":0,"menu_order":0,"comment_status":"closed","ping_status":"closed","template":"","meta":{"footnotes":""},"class_list":["post-1084","page","type-page","status-publish","hentry"],"_links":{"self":[{"href":"https:\/\/touroperator.bellatrixviaggi.com\/index.php?rest_route=\/wp\/v2\/pages\/1084","targetHints":{"allow":["GET"]}}],"collection":[{"href":"https:\/\/touroperator.bellatrixviaggi.com\/index.php?rest_route=\/wp\/v2\/pages"}],"about":[{"href":"https:\/\/touroperator.bellatrixviaggi.com\/index.php?rest_route=\/wp\/v2\/types\/page"}],"author":[{"embeddable":true,"href":"https:\/\/touroperator.bellatrixviaggi.com\/index.php?rest_route=\/wp\/v2\/users\/1"}],"replies":[{"embeddable":true,"href":"https:\/\/touroperator.bellatrixviaggi.com\/index.php?rest_route=%2Fwp%2Fv2%2Fcomments&post=1084"}],"version-history":[{"count":10,"href":"https:\/\/touroperator.bellatrixviaggi.com\/index.php?rest_route=\/wp\/v2\/pages\/1084\/revisions"}],"predecessor-version":[{"id":1778,"href":"https:\/\/touroperator.bellatrixviaggi.com\/index.php?rest_route=\/wp\/v2\/pages\/1084\/revisions\/1778"}],"wp:attachment":[{"href":"https:\/\/touroperator.bellatrixviaggi.com\/index.php?rest_route=%2Fwp%2Fv2%2Fmedia&parent=1084"}],"curies":[{"name":"wp","href":"https:\/\/api.w.org\/{rel}","templated":true}]}}